{"id":9282,"date":"2026-01-04T17:56:54","date_gmt":"2026-01-04T16:56:54","guid":{"rendered":"https:\/\/www.tenorioruralbootcamp.com\/?page_id=9282"},"modified":"2026-01-04T17:57:15","modified_gmt":"2026-01-04T16:57:15","slug":"contas-do-ano-2025","status":"publish","type":"page","link":"https:\/\/www.tenorioruralbootcamp.com\/es\/asociacion\/contas-do-ano-2025\/","title":{"rendered":"Cuentas del a\u00f1o 2025"},"content":{"rendered":"<p>Todas las cantidades se expresan en euros (EUR \u20ac).<\/p>\n\n\n\n<table id=\"tablepress-2-no-2\" class=\"tablepress tablepress-id-2\">\n<thead>\n<tr class=\"row-1\">\n\t<th class=\"column-1\">Datas<\/th><th class=\"column-2\">Concepto<\/th><th class=\"column-3\">Importe \u20ac<\/th><th class=\"column-4\">Saldo \u20ac<\/th>\n<\/tr>\n<\/thead>\n<tbody class=\"row-striping row-hover\">\n<tr class=\"row-2\">\n\t<td class=\"column-1\">01\/01\/2025<\/td><td class=\"column-2\">Saldo anterior<\/td><td class=\"column-3\">676,02<\/td><td class=\"column-4\">676,02<\/td>\n<\/tr>\n<tr class=\"row-3\">\n\t<td class=\"column-1\">02\/02\/2025<\/td><td class=\"column-2\">Cota semestral PCP e GGM<\/td><td class=\"column-3\">60,00<\/td><td class=\"column-4\">736,02<\/td>\n<\/tr>\n<tr class=\"row-4\">\n\t<td class=\"column-1\">02\/02\/2025<\/td><td class=\"column-2\">Cota anual CMJ<\/td><td class=\"column-3\">60,00<\/td><td class=\"column-4\">796,02<\/td>\n<\/tr>\n<tr class=\"row-5\">\n\t<td class=\"column-1\">02\/02\/2025<\/td><td class=\"column-2\">Cota anual AMF e PMQ<\/td><td class=\"column-3\">120,00<\/td><td class=\"column-4\">916,02<\/td>\n<\/tr>\n<tr class=\"row-6\">\n\t<td class=\"column-1\">02\/02\/2025<\/td><td class=\"column-2\">Cota anual MCJJ<\/td><td class=\"column-3\">60,00<\/td><td class=\"column-4\">976,02<\/td>\n<\/tr>\n<tr class=\"row-7\">\n\t<td class=\"column-1\">02\/02\/2025<\/td><td class=\"column-2\">Cota anual PPC<\/td><td class=\"column-3\">60,00<\/td><td class=\"column-4\">1036,02<\/td>\n<\/tr>\n<tr class=\"row-8\">\n\t<td class=\"column-1\">02\/02\/2025<\/td><td class=\"column-2\">Cota anual JJJ<\/td><td class=\"column-3\">60,00<\/td><td class=\"column-4\">1096,02<\/td>\n<\/tr>\n<tr class=\"row-9\">\n\t<td class=\"column-1\">02\/02\/2025<\/td><td class=\"column-2\">Cota mensual CFG<\/td><td class=\"column-3\">5,00<\/td><td class=\"column-4\">1101,02<\/td>\n<\/tr>\n<tr class=\"row-10\">\n\t<td class=\"column-1\">04\/01\/2025<\/td><td class=\"column-2\">Cota anual e doaz\u00f3n BMF<\/td><td class=\"column-3\">67,62<\/td><td class=\"column-4\">1168,64<\/td>\n<\/tr>\n<tr class=\"row-11\">\n\t<td class=\"column-1\">03\/02\/2025<\/td><td class=\"column-2\">Cota 1\u00ba trimestre AEM<\/td><td class=\"column-3\">15,00<\/td><td class=\"column-4\">1183,64<\/td>\n<\/tr>\n<tr class=\"row-12\">\n\t<td class=\"column-1\">06\/02\/2025<\/td><td class=\"column-2\">Doaz\u00f3n CMJ<\/td><td class=\"column-3\">66,36<\/td><td class=\"column-4\">1250,00<\/td>\n<\/tr>\n<tr class=\"row-13\">\n\t<td class=\"column-1\">06\/02\/2025<\/td><td class=\"column-2\">Cota mensual CFG<\/td><td class=\"column-3\">5,00<\/td><td class=\"column-4\">1255,00<\/td>\n<\/tr>\n<tr class=\"row-14\">\n\t<td class=\"column-1\">10\/02\/2025<\/td><td class=\"column-2\">Cota trimestral (xaneiro-marzo) ARC e mensual M<\/td><td class=\"column-3\">20,00<\/td><td class=\"column-4\">1275,00<\/td>\n<\/tr>\n<tr class=\"row-15\">\n\t<td class=\"column-1\">11\/02\/2025<\/td><td class=\"column-2\">Pago taxas inscrici\u00f3n asociaci\u00f3n rexistro auton\u00f3mico<\/td><td class=\"column-3\">-38,35<\/td><td class=\"column-4\">1236,65<\/td>\n<\/tr>\n<tr class=\"row-16\">\n\t<td class=\"column-1\">13\/02\/2025<\/td><td class=\"column-2\">Cota mensual RMPI<\/td><td class=\"column-3\">5,00<\/td><td class=\"column-4\">1241,65<\/td>\n<\/tr>\n<tr class=\"row-17\">\n\t<td class=\"column-1\">18\/02\/2025<\/td><td class=\"column-2\">Pago en AliExpress por 3 bandeiras do bootcamp<\/td><td class=\"column-3\">-23,13<\/td><td class=\"column-4\">1218,52<\/td>\n<\/tr>\n<tr class=\"row-18\">\n\t<td class=\"column-1\">01\/03\/2025<\/td><td class=\"column-2\">Cota mensual CFG<\/td><td class=\"column-3\">5,00<\/td><td class=\"column-4\">1223,52<\/td>\n<\/tr>\n<tr class=\"row-19\">\n\t<td class=\"column-1\">10\/03\/2025<\/td><td class=\"column-2\">Doaz\u00f3n FAI<\/td><td class=\"column-3\">76,48<\/td><td class=\"column-4\">1300,00<\/td>\n<\/tr>\n<tr class=\"row-20\">\n\t<td class=\"column-1\">21\/03\/2025<\/td><td class=\"column-2\">Cota mensual RMPI<\/td><td class=\"column-3\">5,00<\/td><td class=\"column-4\">1305,00<\/td>\n<\/tr>\n<tr class=\"row-21\">\n\t<td class=\"column-1\">01\/04\/2025<\/td><td class=\"column-2\">Cota anual SMJ<\/td><td class=\"column-3\">60,00<\/td><td class=\"column-4\">1365,00<\/td>\n<\/tr>\n<tr class=\"row-22\">\n\t<td class=\"column-1\">01\/04\/2025<\/td><td class=\"column-2\">Compra bicicleta est\u00e1tica<\/td><td class=\"column-3\">-80,00<\/td><td class=\"column-4\">1285,00<\/td>\n<\/tr>\n<tr class=\"row-23\">\n\t<td class=\"column-1\">02\/04\/2025<\/td><td class=\"column-2\">Cota anual EFI<\/td><td class=\"column-3\">60,00<\/td><td class=\"column-4\">1345,00<\/td>\n<\/tr>\n<tr class=\"row-24\">\n\t<td class=\"column-1\">02\/04\/2025<\/td><td class=\"column-2\">Cota anual RFA<\/td><td class=\"column-3\">60,00<\/td><td class=\"column-4\">1405,00<\/td>\n<\/tr>\n<tr class=\"row-25\">\n\t<td class=\"column-1\">02\/04\/2025<\/td><td class=\"column-2\">Cota mensual CFG<\/td><td class=\"column-3\">5,00<\/td><td class=\"column-4\">1410,00<\/td>\n<\/tr>\n<tr class=\"row-26\">\n\t<td class=\"column-1\">12\/04\/2025<\/td><td class=\"column-2\">Cota mensual MMAF<\/td><td class=\"column-3\">5,00<\/td><td class=\"column-4\">1415,00<\/td>\n<\/tr>\n<tr class=\"row-27\">\n\t<td class=\"column-1\">04\/05\/2025<\/td><td class=\"column-2\">Cota mensual CFG<\/td><td class=\"column-3\">5,00<\/td><td class=\"column-4\">1327,50<\/td>\n<\/tr>\n<tr class=\"row-28\">\n\t<td class=\"column-1\">10\/05\/2025<\/td><td class=\"column-2\">Cota 2\u00ba trimestre ARC<\/td><td class=\"column-3\">15,00<\/td><td class=\"column-4\">1342,50<\/td>\n<\/tr>\n<tr class=\"row-29\">\n\t<td class=\"column-1\">11\/05\/2025<\/td><td class=\"column-2\">Cota 2\u00ba trimestre AEM<\/td><td class=\"column-3\">15,00<\/td><td class=\"column-4\">1362,50<\/td>\n<\/tr>\n<tr class=\"row-30\">\n\t<td class=\"column-1\">11\/05\/2025<\/td><td class=\"column-2\">Doaz\u00f3n AEM<\/td><td class=\"column-3\">5,00<\/td><td class=\"column-4\">1362,50<\/td>\n<\/tr>\n<tr class=\"row-31\">\n\t<td class=\"column-1\">12\/05\/2025<\/td><td class=\"column-2\">Cota abril e maio RMPI<\/td><td class=\"column-3\">10,00<\/td><td class=\"column-4\">1372,50<\/td>\n<\/tr>\n<tr class=\"row-32\">\n\t<td class=\"column-1\">01\/06\/2025<\/td><td class=\"column-2\">Pago en Albergue Albor Caldas de Reis<\/td><td class=\"column-3\">-121,00<\/td><td class=\"column-4\">1251,50<\/td>\n<\/tr>\n<tr class=\"row-33\">\n\t<td class=\"column-1\">01\/06\/2025<\/td><td class=\"column-2\">Cota mensual MMAF<\/td><td class=\"column-3\">5,00<\/td><td class=\"column-4\">1256,50<\/td>\n<\/tr>\n<tr class=\"row-34\">\n\t<td class=\"column-1\">02\/06\/2025<\/td><td class=\"column-2\">Pago en hotel Cami\u00f1o da Vieira<\/td><td class=\"column-3\">-125,00<\/td><td class=\"column-4\">1131,50<\/td>\n<\/tr>\n<tr class=\"row-35\">\n\t<td class=\"column-1\">05\/06\/2025<\/td><td class=\"column-2\">Cotas de AFG e BNI de maio a setembro<\/td><td class=\"column-3\">50,00<\/td><td class=\"column-4\">1181,50<\/td>\n<\/tr>\n<tr class=\"row-36\">\n\t<td class=\"column-1\">08\/06\/2025<\/td><td class=\"column-2\">Cota mensual CFG<\/td><td class=\"column-3\">5,00<\/td><td class=\"column-4\">1186,50<\/td>\n<\/tr>\n<tr class=\"row-37\">\n\t<td class=\"column-1\">09\/06\/2025<\/td><td class=\"column-2\">Doaz\u00f3n BMF<\/td><td class=\"column-3\">60,00<\/td><td class=\"column-4\">1246,50<\/td>\n<\/tr>\n<tr class=\"row-38\">\n\t<td class=\"column-1\">01\/07\/2025<\/td><td class=\"column-2\">Cota mensual CFG<\/td><td class=\"column-3\">5,00<\/td><td class=\"column-4\">1251,50<\/td>\n<\/tr>\n<tr class=\"row-39\">\n\t<td class=\"column-1\">02\/07\/2025<\/td><td class=\"column-2\">Cota 2\u00ba semestre MMAF<\/td><td class=\"column-3\">30,00<\/td><td class=\"column-4\">1281,50<\/td>\n<\/tr>\n<tr class=\"row-40\">\n\t<td class=\"column-1\">02\/07\/2025<\/td><td class=\"column-2\">Cota 2\u00ba semestre PCP e GGM<\/td><td class=\"column-3\">60,00<\/td><td class=\"column-4\">1341,50<\/td>\n<\/tr>\n<tr class=\"row-41\">\n\t<td class=\"column-1\">04\/08\/2025<\/td><td class=\"column-2\">Cota 3\u00ba trimestre ARC<\/td><td class=\"column-3\">15,00<\/td><td class=\"column-4\">1356,50<\/td>\n<\/tr>\n<tr class=\"row-42\">\n\t<td class=\"column-1\">06\/08\/2025<\/td><td class=\"column-2\">Cota mensual CFG<\/td><td class=\"column-3\">5,00<\/td><td class=\"column-4\">1361,50<\/td>\n<\/tr>\n<tr class=\"row-43\">\n\t<td class=\"column-1\">21\/08\/2025<\/td><td class=\"column-2\">Devoluci\u00f3n hotel Cami\u00f1o da Vieira<\/td><td class=\"column-3\">125,00<\/td><td class=\"column-4\">1486,50<\/td>\n<\/tr>\n<tr class=\"row-44\">\n\t<td class=\"column-1\">02\/09\/2025<\/td><td class=\"column-2\">Doaz\u00f3n JJJ<\/td><td class=\"column-3\">50,00<\/td><td class=\"column-4\">1536,50<\/td>\n<\/tr>\n<tr class=\"row-45\">\n\t<td class=\"column-1\">02\/09\/2025<\/td><td class=\"column-2\">Doaz\u00f3n BMF<\/td><td class=\"column-3\">30,00<\/td><td class=\"column-4\">1566,50<\/td>\n<\/tr>\n<tr class=\"row-46\">\n\t<td class=\"column-1\">02\/09\/2025<\/td><td class=\"column-2\">Cota mensual CFG<\/td><td class=\"column-3\">5,00<\/td><td class=\"column-4\">1571,50<\/td>\n<\/tr>\n<tr class=\"row-47\">\n\t<td class=\"column-1\">02\/09\/2025<\/td><td class=\"column-2\">Pago inscrici\u00f3ns VII Marcha contra o cancro Pontevedra<\/td><td class=\"column-3\">-209,07<\/td><td class=\"column-4\">1362,43<\/td>\n<\/tr>\n<tr class=\"row-48\">\n\t<td class=\"column-1\">03\/09\/2025<\/td><td class=\"column-2\">Devoluci\u00f3n Albergue Albor<\/td><td class=\"column-3\">121,00<\/td><td class=\"column-4\">1483,43<\/td>\n<\/tr>\n<tr class=\"row-49\">\n\t<td class=\"column-1\">03\/09\/2025<\/td><td class=\"column-2\">Doaz\u00f3n MMAF<\/td><td class=\"column-3\">7,00<\/td><td class=\"column-4\">1490,43<\/td>\n<\/tr>\n<tr class=\"row-50\">\n\t<td class=\"column-1\">03\/09\/2025<\/td><td class=\"column-2\">Pago inscrici\u00f3ns VII Marcha contra o cancro Pontevedra<\/td><td class=\"column-3\">-20,96<\/td><td class=\"column-4\">1469,47<\/td>\n<\/tr>\n<tr class=\"row-51\">\n\t<td class=\"column-1\">04\/09\/2025<\/td><td class=\"column-2\">Cota mensual MPM<\/td><td class=\"column-3\">5,00<\/td><td class=\"column-4\">1474,47<\/td>\n<\/tr>\n<tr class=\"row-52\">\n\t<td class=\"column-1\">04\/09\/2025<\/td><td class=\"column-2\">Pago inscrici\u00f3ns VII Marcha contra o cancro Pontevedra<\/td><td class=\"column-3\">-42,37<\/td><td class=\"column-4\">1432,10<\/td>\n<\/tr>\n<tr class=\"row-53\">\n\t<td class=\"column-1\">06\/08\/2025<\/td><td class=\"column-2\">Doaz\u00f3n CMJ<\/td><td class=\"column-3\">500,00<\/td><td class=\"column-4\">1662,10<\/td>\n<\/tr>\n<tr class=\"row-54\">\n\t<td class=\"column-1\">08\/09\/2025<\/td><td class=\"column-2\">Compra de material en BoxPT para peso libre<\/td><td class=\"column-3\">-854,15<\/td><td class=\"column-4\">1077,90<\/td>\n<\/tr>\n<tr class=\"row-55\">\n\t<td class=\"column-1\">30\/09\/2025<\/td><td class=\"column-2\">Doaz\u00f3n das irm\u00e1s RQ<\/td><td class=\"column-3\">45,00<\/td><td class=\"column-4\">1112,95<\/td>\n<\/tr>\n<tr class=\"row-56\">\n\t<td class=\"column-1\">01\/10\/2025<\/td><td class=\"column-2\">Cota mensual CFG<\/td><td class=\"column-3\">5,00<\/td><td class=\"column-4\">1117,95<\/td>\n<\/tr>\n<tr class=\"row-57\">\n\t<td class=\"column-1\">01\/10\/2025<\/td><td class=\"column-2\">Cota mensual MPM<\/td><td class=\"column-3\">5,00<\/td><td class=\"column-4\">1122,95<\/td>\n<\/tr>\n<tr class=\"row-58\">\n\t<td class=\"column-1\">07\/10\/2025<\/td><td class=\"column-2\">Cota 4\u00ba trimestre NGP<\/td><td class=\"column-3\">15,00<\/td><td class=\"column-4\">1137,95<\/td>\n<\/tr>\n<tr class=\"row-59\">\n\t<td class=\"column-1\">02\/11\/2025<\/td><td class=\"column-2\">Cota mensual MPM<\/td><td class=\"column-3\">5,00<\/td><td class=\"column-4\">1142,95<\/td>\n<\/tr>\n<tr class=\"row-60\">\n\t<td class=\"column-1\">06\/11\/2025<\/td><td class=\"column-2\">Cota 4\u00ba  trimestre ARC<\/td><td class=\"column-3\">15,00<\/td><td class=\"column-4\">1157,95<\/td>\n<\/tr>\n<tr class=\"row-61\">\n\t<td class=\"column-1\">08\/11\/2025<\/td><td class=\"column-2\">Cota mensual Cristina Fern\u00e1ndez G\u00f3mez<\/td><td class=\"column-3\">5,00<\/td><td class=\"column-4\">1162,95<\/td>\n<\/tr>\n<tr class=\"row-62\">\n\t<td class=\"column-1\">11\/11\/2025<\/td><td class=\"column-2\">Doaz\u00f3n FAI<\/td><td class=\"column-3\">150,00<\/td><td class=\"column-4\">1312,95<\/td>\n<\/tr>\n<tr class=\"row-63\">\n\t<td class=\"column-1\">12\/11\/2025<\/td><td class=\"column-2\">Inscrici\u00f3n Kms pola ELA AEM<\/td><td class=\"column-3\">-10,00<\/td><td class=\"column-4\">1302,95<\/td>\n<\/tr>\n<tr class=\"row-64\">\n\t<td class=\"column-1\">01\/12\/2025<\/td><td class=\"column-2\">Cota mensual CFG<\/td><td class=\"column-3\">5,00<\/td><td class=\"column-4\">1307,95<\/td>\n<\/tr>\n<tr class=\"row-65\">\n\t<td class=\"column-1\">03\/12\/2025<\/td><td class=\"column-2\">Cota mensual MPM<\/td><td class=\"column-3\">5,00<\/td><td class=\"column-4\">1312,95<\/td>\n<\/tr>\n<\/tbody>\n<\/table>\n\n\n\n\n<p>Todas las cantidades se expresan en euros (EUR \u20ac).<\/p>","protected":false},"excerpt":{"rendered":"<p>Todas las cantidades se expresan en euros (EUR \u20ac). Todas las cantidades se expresan en euros (EUR \u20ac).<\/p>\n","protected":false},"author":1,"featured_media":0,"parent":5833,"menu_order":0,"comment_status":"closed","ping_status":"closed","template":"","meta":{"jetpack_post_was_ever_published":false,"footnotes":""},"class_list":["post-9282","page","type-page","status-publish","hentry","entry"],"featured_image_src":null,"featured_image_src_square":null,"jetpack_sharing_enabled":true,"jetpack_shortlink":"https:\/\/wp.me\/Pc99cO-2pI","_links":{"self":[{"href":"https:\/\/www.tenorioruralbootcamp.com\/es\/wp-json\/wp\/v2\/pages\/9282","targetHints":{"allow":["GET"]}}],"collection":[{"href":"https:\/\/www.tenorioruralbootcamp.com\/es\/wp-json\/wp\/v2\/pages"}],"about":[{"href":"https:\/\/www.tenorioruralbootcamp.com\/es\/wp-json\/wp\/v2\/types\/page"}],"author":[{"embeddable":true,"href":"https:\/\/www.tenorioruralbootcamp.com\/es\/wp-json\/wp\/v2\/users\/1"}],"replies":[{"embeddable":true,"href":"https:\/\/www.tenorioruralbootcamp.com\/es\/wp-json\/wp\/v2\/comments?post=9282"}],"version-history":[{"count":2,"href":"https:\/\/www.tenorioruralbootcamp.com\/es\/wp-json\/wp\/v2\/pages\/9282\/revisions"}],"predecessor-version":[{"id":9284,"href":"https:\/\/www.tenorioruralbootcamp.com\/es\/wp-json\/wp\/v2\/pages\/9282\/revisions\/9284"}],"up":[{"embeddable":true,"href":"https:\/\/www.tenorioruralbootcamp.com\/es\/wp-json\/wp\/v2\/pages\/5833"}],"wp:attachment":[{"href":"https:\/\/www.tenorioruralbootcamp.com\/es\/wp-json\/wp\/v2\/media?parent=9282"}],"curies":[{"name":"wp","href":"https:\/\/api.w.org\/{rel}","templated":true}]}}